{"id":727,"date":"2025-01-28T21:02:15","date_gmt":"2025-01-28T21:02:15","guid":{"rendered":"https:\/\/jemsa.pe\/?post_type=product&#038;p=727"},"modified":"2025-12-15T20:22:58","modified_gmt":"2025-12-15T20:22:58","slug":"termo-bambu-modelo-panda","status":"publish","type":"product","link":"https:\/\/jemsa.pe\/index.php\/producto\/termo-bambu-modelo-panda\/","title":{"rendered":"Termo Bamb\u00fa &#8211; Modelo Panda"},"content":{"rendered":"<div class=\"k2_item_introtxt\">\n<p>Cilindro fabricado en acero inoxidable y bamb\u00fa con tapa met\u00e1lica capacidad de 420 ml., de 21 cmx 7 cm diam.<\/p>\n<\/div>\n","protected":false},"excerpt":{"rendered":"<ul class=\"p-ul\">\n<li>Descubre la perfecta combinaci\u00f3n de naturaleza y funcionalidad con nuestro tomatodo de bamb\u00fa. Ideal para quienes buscan una opci\u00f3n sostenible y elegante para sus bebidas diarias.<\/li>\n<li>Descripci\u00f3n:<\/li>\n<li>Medidas: Alto: 23 cm. Di\u00e1metro: 7 cm. (Aprox.)<\/li>\n<li>Termo met\u00e1lico de 500 ml. de capacidad, cuerpo recubierto de bamb\u00fa con tapa de metal<\/li>\n<li>Colores: Natural Bamb\u00fa.<\/li>\n<\/ul>\n","protected":false},"featured_media":1345,"comment_status":"open","ping_status":"closed","template":"","meta":[],"product_brand":[],"product_cat":[32],"product_tag":[43,42,41],"class_list":{"0":"post-727","1":"product","2":"type-product","3":"status-publish","4":"has-post-thumbnail","6":"product_cat-antiestres","7":"product_tag-mug","8":"product_tag-termo","9":"product_tag-tomatodo","11":"first","12":"instock","13":"shipping-taxable","14":"product-type-simple"},"_links":{"self":[{"href":"https:\/\/jemsa.pe\/index.php\/wp-json\/wp\/v2\/product\/727","targetHints":{"allow":["GET"]}}],"collection":[{"href":"https:\/\/jemsa.pe\/index.php\/wp-json\/wp\/v2\/product"}],"about":[{"href":"https:\/\/jemsa.pe\/index.php\/wp-json\/wp\/v2\/types\/product"}],"replies":[{"embeddable":true,"href":"https:\/\/jemsa.pe\/index.php\/wp-json\/wp\/v2\/comments?post=727"}],"wp:featuredmedia":[{"embeddable":true,"href":"https:\/\/jemsa.pe\/index.php\/wp-json\/wp\/v2\/media\/1345"}],"wp:attachment":[{"href":"https:\/\/jemsa.pe\/index.php\/wp-json\/wp\/v2\/media?parent=727"}],"wp:term":[{"taxonomy":"product_brand","embeddable":true,"href":"https:\/\/jemsa.pe\/index.php\/wp-json\/wp\/v2\/product_brand?post=727"},{"taxonomy":"product_cat","embeddable":true,"href":"https:\/\/jemsa.pe\/index.php\/wp-json\/wp\/v2\/product_cat?post=727"},{"taxonomy":"product_tag","embeddable":true,"href":"https:\/\/jemsa.pe\/index.php\/wp-json\/wp\/v2\/product_tag?post=727"}],"curies":[{"name":"wp","href":"https:\/\/api.w.org\/{rel}","templated":true}]}}