{"id":1503,"date":"2025-12-17T23:26:42","date_gmt":"2025-12-17T23:26:42","guid":{"rendered":"https:\/\/jemsa.pe\/?post_type=product&#038;p=1503"},"modified":"2025-12-17T23:26:42","modified_gmt":"2025-12-17T23:26:42","slug":"pelota-de-futbol-antiestres","status":"publish","type":"product","link":"https:\/\/jemsa.pe\/index.php\/producto\/pelota-de-futbol-antiestres\/","title":{"rendered":"Pelota de Futbol antiestr\u00e9s"},"content":{"rendered":"","protected":false},"excerpt":{"rendered":"<p>La Pelota de F\u00fatbol Antiestr\u00e9s es ideal para liberar tensiones mientras muestras tu pasi\u00f3n por el deporte. Su dise\u00f1o en forma de bal\u00f3n de f\u00fatbol te permite apretarla y jugar con ella para aliviar el estr\u00e9s, ya sea en la oficina o en casa.<\/p>\n","protected":false},"featured_media":1504,"comment_status":"open","ping_status":"closed","template":"","meta":[],"product_brand":[],"product_cat":[56],"product_tag":[],"class_list":{"0":"post-1503","1":"product","2":"type-product","3":"status-publish","4":"has-post-thumbnail","6":"product_cat-merchandising","8":"first","9":"instock","10":"shipping-taxable","11":"product-type-simple"},"_links":{"self":[{"href":"https:\/\/jemsa.pe\/index.php\/wp-json\/wp\/v2\/product\/1503","targetHints":{"allow":["GET"]}}],"collection":[{"href":"https:\/\/jemsa.pe\/index.php\/wp-json\/wp\/v2\/product"}],"about":[{"href":"https:\/\/jemsa.pe\/index.php\/wp-json\/wp\/v2\/types\/product"}],"replies":[{"embeddable":true,"href":"https:\/\/jemsa.pe\/index.php\/wp-json\/wp\/v2\/comments?post=1503"}],"wp:featuredmedia":[{"embeddable":true,"href":"https:\/\/jemsa.pe\/index.php\/wp-json\/wp\/v2\/media\/1504"}],"wp:attachment":[{"href":"https:\/\/jemsa.pe\/index.php\/wp-json\/wp\/v2\/media?parent=1503"}],"wp:term":[{"taxonomy":"product_brand","embeddable":true,"href":"https:\/\/jemsa.pe\/index.php\/wp-json\/wp\/v2\/product_brand?post=1503"},{"taxonomy":"product_cat","embeddable":true,"href":"https:\/\/jemsa.pe\/index.php\/wp-json\/wp\/v2\/product_cat?post=1503"},{"taxonomy":"product_tag","embeddable":true,"href":"https:\/\/jemsa.pe\/index.php\/wp-json\/wp\/v2\/product_tag?post=1503"}],"curies":[{"name":"wp","href":"https:\/\/api.w.org\/{rel}","templated":true}]}}