{"id":1459,"date":"2025-12-16T23:54:51","date_gmt":"2025-12-16T23:54:51","guid":{"rendered":"https:\/\/jemsa.pe\/?post_type=product&#038;p=1459"},"modified":"2025-12-16T23:55:45","modified_gmt":"2025-12-16T23:55:45","slug":"lapicero-metalico-touch-screen-ds","status":"publish","type":"product","link":"https:\/\/jemsa.pe\/index.php\/producto\/lapicero-metalico-touch-screen-ds\/","title":{"rendered":"Lapicero Met\u00e1lico Touch screen DS"},"content":{"rendered":"<p>Lapicero met\u00e1lico, de sistema giratorio, con punta touch en la parte superior para pantallas t\u00e1ctiles. (Tablets, celulares, etc). Color de tinta Seca color negro.<\/p>\n<p><strong>Colores disponibles:<\/strong> Azul, rojo, negro, plateado mate.<\/p>\n<p><strong>Medidas: Largo:<\/strong> Largo: 13.5 cm. Di\u00e1metro (Centro): 1.3 cm. (Aprox.)<\/p>\n<p><strong>\u00c1rea de impresi\u00f3n:<\/strong> 3.0 X 0.8 cm<\/p>\n","protected":false},"excerpt":{"rendered":"<p>Lapicero met\u00e1lico, de sistema giratorio, con punta touch en la parte superior para pantallas t\u00e1ctiles. (Tablets, celulares, etc). Color de tinta Seca color negro. Colores disponibles: Azul, rojo, negro, plateado mate. Medidas: Largo: Largo: 13.5 cm. Di\u00e1metro (Centro): 1.3 cm. (Aprox.) \u00c1rea de impresi\u00f3n: 3.0 X 0.8 cm<\/p>\n","protected":false},"featured_media":1460,"comment_status":"open","ping_status":"closed","template":"","meta":[],"product_brand":[],"product_cat":[34,56],"product_tag":[59,60],"class_list":{"0":"post-1459","1":"product","2":"type-product","3":"status-publish","4":"has-post-thumbnail","6":"product_cat-lapiceros","7":"product_cat-merchandising","8":"product_tag-lapiceros","9":"product_tag-pen","11":"first","12":"instock","13":"shipping-taxable","14":"product-type-simple"},"_links":{"self":[{"href":"https:\/\/jemsa.pe\/index.php\/wp-json\/wp\/v2\/product\/1459","targetHints":{"allow":["GET"]}}],"collection":[{"href":"https:\/\/jemsa.pe\/index.php\/wp-json\/wp\/v2\/product"}],"about":[{"href":"https:\/\/jemsa.pe\/index.php\/wp-json\/wp\/v2\/types\/product"}],"replies":[{"embeddable":true,"href":"https:\/\/jemsa.pe\/index.php\/wp-json\/wp\/v2\/comments?post=1459"}],"wp:featuredmedia":[{"embeddable":true,"href":"https:\/\/jemsa.pe\/index.php\/wp-json\/wp\/v2\/media\/1460"}],"wp:attachment":[{"href":"https:\/\/jemsa.pe\/index.php\/wp-json\/wp\/v2\/media?parent=1459"}],"wp:term":[{"taxonomy":"product_brand","embeddable":true,"href":"https:\/\/jemsa.pe\/index.php\/wp-json\/wp\/v2\/product_brand?post=1459"},{"taxonomy":"product_cat","embeddable":true,"href":"https:\/\/jemsa.pe\/index.php\/wp-json\/wp\/v2\/product_cat?post=1459"},{"taxonomy":"product_tag","embeddable":true,"href":"https:\/\/jemsa.pe\/index.php\/wp-json\/wp\/v2\/product_tag?post=1459"}],"curies":[{"name":"wp","href":"https:\/\/api.w.org\/{rel}","templated":true}]}}