{"id":1457,"date":"2025-12-16T23:45:05","date_gmt":"2025-12-16T23:45:05","guid":{"rendered":"https:\/\/jemsa.pe\/?post_type=product&#038;p=1457"},"modified":"2025-12-16T23:46:40","modified_gmt":"2025-12-16T23:46:40","slug":"lapicero-metalico-touch-screen","status":"publish","type":"product","link":"https:\/\/jemsa.pe\/index.php\/producto\/lapicero-metalico-touch-screen\/","title":{"rendered":"Lapicero Met\u00e1lico Touch screen"},"content":{"rendered":"","protected":false},"excerpt":{"rendered":"<p><strong>Descripci\u00f3n:<\/strong> Lapicero met\u00e1lico, retr\u00e1ctil, doble funci\u00f3n lapicero y punta touch screen ideal para pantallas t\u00e1ctiles como iPad, iPhone y smartphone. Tinta seca color negro.<br \/>\n<strong>Colores disponibles:<\/strong> Negro, Azul, Plateado, Rojo.<br \/>\n<strong>Medidas: Largo:<\/strong> 14.0 cm. Di\u00e1metro: 1.0 cm. (Aprox.)<br \/>\n\u00c1rea de impresi\u00f3n: 3.5 cm X 1.1 cm<\/p>\n","protected":false},"featured_media":1458,"comment_status":"open","ping_status":"closed","template":"","meta":[],"product_brand":[],"product_cat":[34,56],"product_tag":[],"class_list":{"0":"post-1457","1":"product","2":"type-product","3":"status-publish","4":"has-post-thumbnail","6":"product_cat-lapiceros","7":"product_cat-merchandising","9":"first","10":"instock","11":"shipping-taxable","12":"product-type-simple"},"_links":{"self":[{"href":"https:\/\/jemsa.pe\/index.php\/wp-json\/wp\/v2\/product\/1457","targetHints":{"allow":["GET"]}}],"collection":[{"href":"https:\/\/jemsa.pe\/index.php\/wp-json\/wp\/v2\/product"}],"about":[{"href":"https:\/\/jemsa.pe\/index.php\/wp-json\/wp\/v2\/types\/product"}],"replies":[{"embeddable":true,"href":"https:\/\/jemsa.pe\/index.php\/wp-json\/wp\/v2\/comments?post=1457"}],"wp:featuredmedia":[{"embeddable":true,"href":"https:\/\/jemsa.pe\/index.php\/wp-json\/wp\/v2\/media\/1458"}],"wp:attachment":[{"href":"https:\/\/jemsa.pe\/index.php\/wp-json\/wp\/v2\/media?parent=1457"}],"wp:term":[{"taxonomy":"product_brand","embeddable":true,"href":"https:\/\/jemsa.pe\/index.php\/wp-json\/wp\/v2\/product_brand?post=1457"},{"taxonomy":"product_cat","embeddable":true,"href":"https:\/\/jemsa.pe\/index.php\/wp-json\/wp\/v2\/product_cat?post=1457"},{"taxonomy":"product_tag","embeddable":true,"href":"https:\/\/jemsa.pe\/index.php\/wp-json\/wp\/v2\/product_tag?post=1457"}],"curies":[{"name":"wp","href":"https:\/\/api.w.org\/{rel}","templated":true}]}}