{"id":1451,"date":"2025-12-16T23:26:54","date_gmt":"2025-12-16T23:26:54","guid":{"rendered":"https:\/\/jemsa.pe\/?post_type=product&#038;p=1451"},"modified":"2025-12-16T23:29:05","modified_gmt":"2025-12-16T23:29:05","slug":"mug-de-acero-inoxidable-350-ml","status":"publish","type":"product","link":"https:\/\/jemsa.pe\/index.php\/producto\/mug-de-acero-inoxidable-350-ml\/","title":{"rendered":"Mug de acero inoxidable 350 ml"},"content":{"rendered":"","protected":false},"excerpt":{"rendered":"<p>Los Mugs de acero inoxidable son una de las mejores opciones a la hora de elegir una mug promocional reutilizable. El acero inoxidable no es reactivo a ning\u00fan l\u00edquido y no hay problemas de salud asociados. Son resistentes, ligeras y opacas.<\/p>\n<p>Hay varias calidades (aleaciones) as\u00ed que es muy importante saber qu\u00e9 tipo de acero contiene cada mug. Un acero inoxidable de alta calidad y resistente a la corrosi\u00f3n es el 18\/8 (tambi\u00e9n llamado 304).<\/p>\n<p>Es libre de BPA y protege tanto al medioambiente, como lo que estas tomando.<\/p>\n","protected":false},"featured_media":1452,"comment_status":"open","ping_status":"closed","template":"","meta":[],"product_brand":[],"product_cat":[56,44],"product_tag":[],"class_list":{"0":"post-1451","1":"product","2":"type-product","3":"status-publish","4":"has-post-thumbnail","6":"product_cat-merchandising","7":"product_cat-tomatodos","9":"first","10":"instock","11":"shipping-taxable","12":"product-type-simple"},"_links":{"self":[{"href":"https:\/\/jemsa.pe\/index.php\/wp-json\/wp\/v2\/product\/1451","targetHints":{"allow":["GET"]}}],"collection":[{"href":"https:\/\/jemsa.pe\/index.php\/wp-json\/wp\/v2\/product"}],"about":[{"href":"https:\/\/jemsa.pe\/index.php\/wp-json\/wp\/v2\/types\/product"}],"replies":[{"embeddable":true,"href":"https:\/\/jemsa.pe\/index.php\/wp-json\/wp\/v2\/comments?post=1451"}],"wp:featuredmedia":[{"embeddable":true,"href":"https:\/\/jemsa.pe\/index.php\/wp-json\/wp\/v2\/media\/1452"}],"wp:attachment":[{"href":"https:\/\/jemsa.pe\/index.php\/wp-json\/wp\/v2\/media?parent=1451"}],"wp:term":[{"taxonomy":"product_brand","embeddable":true,"href":"https:\/\/jemsa.pe\/index.php\/wp-json\/wp\/v2\/product_brand?post=1451"},{"taxonomy":"product_cat","embeddable":true,"href":"https:\/\/jemsa.pe\/index.php\/wp-json\/wp\/v2\/product_cat?post=1451"},{"taxonomy":"product_tag","embeddable":true,"href":"https:\/\/jemsa.pe\/index.php\/wp-json\/wp\/v2\/product_tag?post=1451"}],"curies":[{"name":"wp","href":"https:\/\/api.w.org\/{rel}","templated":true}]}}