{"id":235,"date":"2024-12-29T01:54:15","date_gmt":"2024-12-29T01:54:15","guid":{"rendered":"https:\/\/jemsa.pe\/?page_id=235"},"modified":"2025-01-04T15:00:09","modified_gmt":"2025-01-04T15:00:09","slug":"proyectos","status":"publish","type":"page","link":"https:\/\/jemsa.pe\/index.php\/proyectos\/","title":{"rendered":"Proyectos"},"content":{"rendered":"\t\t<div data-elementor-type=\"wp-page\" data-elementor-id=\"235\" class=\"elementor elementor-235\" data-elementor-post-type=\"page\">\n\t\t\t\t<div class=\"elementor-element elementor-element-6a07af56 e-con-full e-flex e-con e-parent\" data-id=\"6a07af56\" data-element_type=\"container\" data-settings=\"{&quot;background_background&quot;:&quot;video&quot;,&quot;background_video_link&quot;:&quot;https:\\\/\\\/www.youtube.com\\\/watch?v=ohL3gpeCFGk&quot;,&quot;shape_divider_top&quot;:&quot;arrow&quot;}\">\n\t\t<div class=\"elementor-background-video-container elementor-hidden-mobile\" aria-hidden=\"true\">\n\t\t\t\t\t\t\t<div class=\"elementor-background-video-embed\"><\/div>\n\t\t\t\t\t\t<\/div>\t\t<div class=\"elementor-shape elementor-shape-top\" aria-hidden=\"true\" data-negative=\"false\">\n\t\t\t<svg xmlns=\"http:\/\/www.w3.org\/2000\/svg\" viewBox=\"0 0 700 10\" preserveAspectRatio=\"none\">\n\t<path class=\"elementor-shape-fill\" d=\"M350,10L340,0h20L350,10z\"\/>\n<\/svg>\t\t<\/div>\n\t\t\t\t<div class=\"elementor-element elementor-element-198ce952 elementor-widget elementor-widget-heading\" data-id=\"198ce952\" data-element_type=\"widget\" data-widget_type=\"heading.default\">\n\t\t\t\t<div class=\"elementor-widget-container\">\n\t\t\t\t\t<h2 class=\"elementor-heading-title elementor-size-default\">Proyectos Realizados<\/h2>\t\t\t\t<\/div>\n\t\t\t\t<\/div>\n\t\t\t\t<\/div>\n\t\t<div class=\"elementor-element elementor-element-76341750 e-con-full e-flex e-con e-parent\" data-id=\"76341750\" data-element_type=\"container\">\n\t\t\t\t<div class=\"elementor-element elementor-element-7257cc8d elementor-widget elementor-widget-text-editor\" data-id=\"7257cc8d\" data-element_type=\"widget\" data-widget_type=\"text-editor.default\">\n\t\t\t\t<div class=\"elementor-widget-container\">\n\t\t\t\t\t\t\t\t\t<p><b>Todos<\/b> nuestros procesos pasan por un estricto control de calidad, lo que nos posiciona como una empresa de garant\u00eda y calidad certificada. Nuestros productos cumplen cabalmente las especificaciones y par\u00e1metros de la Norma T\u00e9cnica Peruana.<\/p>\t\t\t\t\t\t\t\t<\/div>\n\t\t\t\t<\/div>\n\t\t\t\t<div class=\"elementor-element elementor-element-22bd63c0 elementor-widget elementor-widget-heading\" data-id=\"22bd63c0\" data-element_type=\"widget\" data-widget_type=\"heading.default\">\n\t\t\t\t<div class=\"elementor-widget-container\">\n\t\t\t\t\t<h2 class=\"elementor-heading-title elementor-size-default\">Arquitectura Comercial<\/h2>\t\t\t\t<\/div>\n\t\t\t\t<\/div>\n\t\t\t\t<div class=\"elementor-element elementor-element-c58718e elementor-widget elementor-widget-gallery\" data-id=\"c58718e\" data-element_type=\"widget\" data-settings=\"{&quot;gallery_layout&quot;:&quot;masonry&quot;,&quot;columns&quot;:5,&quot;gap&quot;:{&quot;unit&quot;:&quot;px&quot;,&quot;size&quot;:0,&quot;sizes&quot;:[]},&quot;image_hover_animation&quot;:&quot;move-contained-top&quot;,&quot;lazyload&quot;:&quot;yes&quot;,&quot;columns_tablet&quot;:2,&quot;columns_mobile&quot;:1,&quot;gap_tablet&quot;:{&quot;unit&quot;:&quot;px&quot;,&quot;size&quot;:10,&quot;sizes&quot;:[]},&quot;gap_mobile&quot;:{&quot;unit&quot;:&quot;px&quot;,&quot;size&quot;:10,&quot;sizes&quot;:[]},&quot;link_to&quot;:&quot;file&quot;,&quot;overlay_background&quot;:&quot;yes&quot;,&quot;content_hover_animation&quot;:&quot;fade-in&quot;}\" data-widget_type=\"gallery.default\">\n\t\t\t\t<div class=\"elementor-widget-container\">\n\t\t\t\t\t\t\t<div class=\"elementor-gallery__container\">\n\t\t\t\t\t\t\t<a class=\"e-gallery-item elementor-gallery-item elementor-animated-content\" href=\"https:\/\/jemsa.pe\/wp-content\/uploads\/2025\/01\/0001.jpg\" data-elementor-open-lightbox=\"yes\" data-elementor-lightbox-slideshow=\"c58718e\" data-elementor-lightbox-title=\"0001\" data-e-action-hash=\"#elementor-action%3Aaction%3Dlightbox%26settings%3DeyJpZCI6MzU0LCJ1cmwiOiJodHRwczpcL1wvamVtc2EucGVcL3dwLWNvbnRlbnRcL3VwbG9hZHNcLzIwMjVcLzAxXC8wMDAxLmpwZyIsInNsaWRlc2hvdyI6ImM1ODcxOGUifQ%3D%3D\">\n\t\t\t\t\t<div class=\"e-gallery-image elementor-gallery-item__image\" data-thumbnail=\"https:\/\/jemsa.pe\/wp-content\/uploads\/2025\/01\/0001-768x912.jpg\" data-width=\"768\" data-height=\"912\" aria-label=\"\" role=\"img\" ><\/div>\n\t\t\t\t\t\t\t\t\t\t\t<div class=\"elementor-gallery-item__overlay\"><\/div>\n\t\t\t\t\t\t\t\t\t\t\t\t\t\t<\/a>\n\t\t\t\t\t\t\t<a class=\"e-gallery-item elementor-gallery-item elementor-animated-content\" href=\"https:\/\/jemsa.pe\/wp-content\/uploads\/2025\/01\/0002.jpg\" data-elementor-open-lightbox=\"yes\" data-elementor-lightbox-slideshow=\"c58718e\" data-elementor-lightbox-title=\"0002\" data-e-action-hash=\"#elementor-action%3Aaction%3Dlightbox%26settings%3DeyJpZCI6MzU1LCJ1cmwiOiJodHRwczpcL1wvamVtc2EucGVcL3dwLWNvbnRlbnRcL3VwbG9hZHNcLzIwMjVcLzAxXC8wMDAyLmpwZyIsInNsaWRlc2hvdyI6ImM1ODcxOGUifQ%3D%3D\">\n\t\t\t\t\t<div class=\"e-gallery-image elementor-gallery-item__image\" data-thumbnail=\"https:\/\/jemsa.pe\/wp-content\/uploads\/2025\/01\/0002-768x912.jpg\" data-width=\"768\" data-height=\"912\" aria-label=\"\" role=\"img\" ><\/div>\n\t\t\t\t\t\t\t\t\t\t\t<div class=\"elementor-gallery-item__overlay\"><\/div>\n\t\t\t\t\t\t\t\t\t\t\t\t\t\t<\/a>\n\t\t\t\t\t\t\t<a class=\"e-gallery-item elementor-gallery-item elementor-animated-content\" href=\"https:\/\/jemsa.pe\/wp-content\/uploads\/2025\/01\/0003.jpg\" data-elementor-open-lightbox=\"yes\" data-elementor-lightbox-slideshow=\"c58718e\" data-elementor-lightbox-title=\"0003\" data-e-action-hash=\"#elementor-action%3Aaction%3Dlightbox%26settings%3DeyJpZCI6MzU2LCJ1cmwiOiJodHRwczpcL1wvamVtc2EucGVcL3dwLWNvbnRlbnRcL3VwbG9hZHNcLzIwMjVcLzAxXC8wMDAzLmpwZyIsInNsaWRlc2hvdyI6ImM1ODcxOGUifQ%3D%3D\">\n\t\t\t\t\t<div class=\"e-gallery-image elementor-gallery-item__image\" data-thumbnail=\"https:\/\/jemsa.pe\/wp-content\/uploads\/2025\/01\/0003-768x912.jpg\" data-width=\"768\" data-height=\"912\" aria-label=\"\" role=\"img\" ><\/div>\n\t\t\t\t\t\t\t\t\t\t\t<div class=\"elementor-gallery-item__overlay\"><\/div>\n\t\t\t\t\t\t\t\t\t\t\t\t\t\t<\/a>\n\t\t\t\t\t\t\t<a class=\"e-gallery-item elementor-gallery-item elementor-animated-content\" href=\"https:\/\/jemsa.pe\/wp-content\/uploads\/2025\/01\/0004.jpg\" data-elementor-open-lightbox=\"yes\" data-elementor-lightbox-slideshow=\"c58718e\" data-elementor-lightbox-title=\"0004\" data-e-action-hash=\"#elementor-action%3Aaction%3Dlightbox%26settings%3DeyJpZCI6MzU3LCJ1cmwiOiJodHRwczpcL1wvamVtc2EucGVcL3dwLWNvbnRlbnRcL3VwbG9hZHNcLzIwMjVcLzAxXC8wMDA0LmpwZyIsInNsaWRlc2hvdyI6ImM1ODcxOGUifQ%3D%3D\">\n\t\t\t\t\t<div class=\"e-gallery-image elementor-gallery-item__image\" data-thumbnail=\"https:\/\/jemsa.pe\/wp-content\/uploads\/2025\/01\/0004-768x912.jpg\" data-width=\"768\" data-height=\"912\" aria-label=\"\" role=\"img\" ><\/div>\n\t\t\t\t\t\t\t\t\t\t\t<div class=\"elementor-gallery-item__overlay\"><\/div>\n\t\t\t\t\t\t\t\t\t\t\t\t\t\t<\/a>\n\t\t\t\t\t\t\t<a class=\"e-gallery-item elementor-gallery-item elementor-animated-content\" href=\"https:\/\/jemsa.pe\/wp-content\/uploads\/2025\/01\/0005.jpg\" data-elementor-open-lightbox=\"yes\" data-elementor-lightbox-slideshow=\"c58718e\" data-elementor-lightbox-title=\"0005\" data-e-action-hash=\"#elementor-action%3Aaction%3Dlightbox%26settings%3DeyJpZCI6MzU4LCJ1cmwiOiJodHRwczpcL1wvamVtc2EucGVcL3dwLWNvbnRlbnRcL3VwbG9hZHNcLzIwMjVcLzAxXC8wMDA1LmpwZyIsInNsaWRlc2hvdyI6ImM1ODcxOGUifQ%3D%3D\">\n\t\t\t\t\t<div class=\"e-gallery-image elementor-gallery-item__image\" data-thumbnail=\"https:\/\/jemsa.pe\/wp-content\/uploads\/2025\/01\/0005-768x912.jpg\" data-width=\"768\" data-height=\"912\" aria-label=\"\" role=\"img\" ><\/div>\n\t\t\t\t\t\t\t\t\t\t\t<div class=\"elementor-gallery-item__overlay\"><\/div>\n\t\t\t\t\t\t\t\t\t\t\t\t\t\t<\/a>\n\t\t\t\t\t\t\t<a class=\"e-gallery-item elementor-gallery-item elementor-animated-content\" href=\"https:\/\/jemsa.pe\/wp-content\/uploads\/2025\/01\/0006.jpg\" data-elementor-open-lightbox=\"yes\" data-elementor-lightbox-slideshow=\"c58718e\" data-elementor-lightbox-title=\"0006\" data-e-action-hash=\"#elementor-action%3Aaction%3Dlightbox%26settings%3DeyJpZCI6MzU5LCJ1cmwiOiJodHRwczpcL1wvamVtc2EucGVcL3dwLWNvbnRlbnRcL3VwbG9hZHNcLzIwMjVcLzAxXC8wMDA2LmpwZyIsInNsaWRlc2hvdyI6ImM1ODcxOGUifQ%3D%3D\">\n\t\t\t\t\t<div class=\"e-gallery-image elementor-gallery-item__image\" data-thumbnail=\"https:\/\/jemsa.pe\/wp-content\/uploads\/2025\/01\/0006-768x912.jpg\" data-width=\"768\" data-height=\"912\" aria-label=\"\" role=\"img\" ><\/div>\n\t\t\t\t\t\t\t\t\t\t\t<div class=\"elementor-gallery-item__overlay\"><\/div>\n\t\t\t\t\t\t\t\t\t\t\t\t\t\t<\/a>\n\t\t\t\t\t\t\t<a class=\"e-gallery-item elementor-gallery-item elementor-animated-content\" href=\"https:\/\/jemsa.pe\/wp-content\/uploads\/2025\/01\/0007.jpg\" data-elementor-open-lightbox=\"yes\" data-elementor-lightbox-slideshow=\"c58718e\" data-elementor-lightbox-title=\"0007\" data-e-action-hash=\"#elementor-action%3Aaction%3Dlightbox%26settings%3DeyJpZCI6MzYwLCJ1cmwiOiJodHRwczpcL1wvamVtc2EucGVcL3dwLWNvbnRlbnRcL3VwbG9hZHNcLzIwMjVcLzAxXC8wMDA3LmpwZyIsInNsaWRlc2hvdyI6ImM1ODcxOGUifQ%3D%3D\">\n\t\t\t\t\t<div class=\"e-gallery-image elementor-gallery-item__image\" data-thumbnail=\"https:\/\/jemsa.pe\/wp-content\/uploads\/2025\/01\/0007-768x912.jpg\" data-width=\"768\" data-height=\"912\" aria-label=\"\" role=\"img\" ><\/div>\n\t\t\t\t\t\t\t\t\t\t\t<div class=\"elementor-gallery-item__overlay\"><\/div>\n\t\t\t\t\t\t\t\t\t\t\t\t\t\t<\/a>\n\t\t\t\t\t\t\t<a class=\"e-gallery-item elementor-gallery-item elementor-animated-content\" href=\"https:\/\/jemsa.pe\/wp-content\/uploads\/2025\/01\/0008.jpg\" data-elementor-open-lightbox=\"yes\" data-elementor-lightbox-slideshow=\"c58718e\" data-elementor-lightbox-title=\"0008\" data-e-action-hash=\"#elementor-action%3Aaction%3Dlightbox%26settings%3DeyJpZCI6MzYxLCJ1cmwiOiJodHRwczpcL1wvamVtc2EucGVcL3dwLWNvbnRlbnRcL3VwbG9hZHNcLzIwMjVcLzAxXC8wMDA4LmpwZyIsInNsaWRlc2hvdyI6ImM1ODcxOGUifQ%3D%3D\">\n\t\t\t\t\t<div class=\"e-gallery-image elementor-gallery-item__image\" data-thumbnail=\"https:\/\/jemsa.pe\/wp-content\/uploads\/2025\/01\/0008-768x912.jpg\" data-width=\"768\" data-height=\"912\" aria-label=\"\" role=\"img\" ><\/div>\n\t\t\t\t\t\t\t\t\t\t\t<div class=\"elementor-gallery-item__overlay\"><\/div>\n\t\t\t\t\t\t\t\t\t\t\t\t\t\t<\/a>\n\t\t\t\t\t\t\t<a class=\"e-gallery-item elementor-gallery-item elementor-animated-content\" href=\"https:\/\/jemsa.pe\/wp-content\/uploads\/2025\/01\/0009.jpg\" data-elementor-open-lightbox=\"yes\" data-elementor-lightbox-slideshow=\"c58718e\" data-elementor-lightbox-title=\"0009\" data-e-action-hash=\"#elementor-action%3Aaction%3Dlightbox%26settings%3DeyJpZCI6MzYyLCJ1cmwiOiJodHRwczpcL1wvamVtc2EucGVcL3dwLWNvbnRlbnRcL3VwbG9hZHNcLzIwMjVcLzAxXC8wMDA5LmpwZyIsInNsaWRlc2hvdyI6ImM1ODcxOGUifQ%3D%3D\">\n\t\t\t\t\t<div class=\"e-gallery-image elementor-gallery-item__image\" data-thumbnail=\"https:\/\/jemsa.pe\/wp-content\/uploads\/2025\/01\/0009-768x912.jpg\" data-width=\"768\" data-height=\"912\" aria-label=\"\" role=\"img\" ><\/div>\n\t\t\t\t\t\t\t\t\t\t\t<div class=\"elementor-gallery-item__overlay\"><\/div>\n\t\t\t\t\t\t\t\t\t\t\t\t\t\t<\/a>\n\t\t\t\t\t\t\t<a class=\"e-gallery-item elementor-gallery-item elementor-animated-content\" href=\"https:\/\/jemsa.pe\/wp-content\/uploads\/2025\/01\/0010.jpg\" data-elementor-open-lightbox=\"yes\" data-elementor-lightbox-slideshow=\"c58718e\" data-elementor-lightbox-title=\"0010\" data-e-action-hash=\"#elementor-action%3Aaction%3Dlightbox%26settings%3DeyJpZCI6MzYzLCJ1cmwiOiJodHRwczpcL1wvamVtc2EucGVcL3dwLWNvbnRlbnRcL3VwbG9hZHNcLzIwMjVcLzAxXC8wMDEwLmpwZyIsInNsaWRlc2hvdyI6ImM1ODcxOGUifQ%3D%3D\">\n\t\t\t\t\t<div class=\"e-gallery-image elementor-gallery-item__image\" data-thumbnail=\"https:\/\/jemsa.pe\/wp-content\/uploads\/2025\/01\/0010-768x912.jpg\" data-width=\"768\" data-height=\"912\" aria-label=\"\" role=\"img\" ><\/div>\n\t\t\t\t\t\t\t\t\t\t\t<div class=\"elementor-gallery-item__overlay\"><\/div>\n\t\t\t\t\t\t\t\t\t\t\t\t\t\t<\/a>\n\t\t\t\t\t\t\t<a class=\"e-gallery-item elementor-gallery-item elementor-animated-content\" href=\"https:\/\/jemsa.pe\/wp-content\/uploads\/2025\/01\/0011.jpg\" data-elementor-open-lightbox=\"yes\" data-elementor-lightbox-slideshow=\"c58718e\" data-elementor-lightbox-title=\"0011\" data-e-action-hash=\"#elementor-action%3Aaction%3Dlightbox%26settings%3DeyJpZCI6MzY0LCJ1cmwiOiJodHRwczpcL1wvamVtc2EucGVcL3dwLWNvbnRlbnRcL3VwbG9hZHNcLzIwMjVcLzAxXC8wMDExLmpwZyIsInNsaWRlc2hvdyI6ImM1ODcxOGUifQ%3D%3D\">\n\t\t\t\t\t<div class=\"e-gallery-image elementor-gallery-item__image\" data-thumbnail=\"https:\/\/jemsa.pe\/wp-content\/uploads\/2025\/01\/0011-768x912.jpg\" data-width=\"768\" data-height=\"912\" aria-label=\"\" role=\"img\" ><\/div>\n\t\t\t\t\t\t\t\t\t\t\t<div class=\"elementor-gallery-item__overlay\"><\/div>\n\t\t\t\t\t\t\t\t\t\t\t\t\t\t<\/a>\n\t\t\t\t\t\t\t<a class=\"e-gallery-item elementor-gallery-item elementor-animated-content\" href=\"https:\/\/jemsa.pe\/wp-content\/uploads\/2025\/01\/0012.jpg\" data-elementor-open-lightbox=\"yes\" data-elementor-lightbox-slideshow=\"c58718e\" data-elementor-lightbox-title=\"0012\" data-e-action-hash=\"#elementor-action%3Aaction%3Dlightbox%26settings%3DeyJpZCI6MzY1LCJ1cmwiOiJodHRwczpcL1wvamVtc2EucGVcL3dwLWNvbnRlbnRcL3VwbG9hZHNcLzIwMjVcLzAxXC8wMDEyLmpwZyIsInNsaWRlc2hvdyI6ImM1ODcxOGUifQ%3D%3D\">\n\t\t\t\t\t<div class=\"e-gallery-image elementor-gallery-item__image\" data-thumbnail=\"https:\/\/jemsa.pe\/wp-content\/uploads\/2025\/01\/0012-768x912.jpg\" data-width=\"768\" data-height=\"912\" aria-label=\"\" role=\"img\" ><\/div>\n\t\t\t\t\t\t\t\t\t\t\t<div class=\"elementor-gallery-item__overlay\"><\/div>\n\t\t\t\t\t\t\t\t\t\t\t\t\t\t<\/a>\n\t\t\t\t\t\t\t<a class=\"e-gallery-item elementor-gallery-item elementor-animated-content\" href=\"https:\/\/jemsa.pe\/wp-content\/uploads\/2025\/01\/0013.jpg\" data-elementor-open-lightbox=\"yes\" data-elementor-lightbox-slideshow=\"c58718e\" data-elementor-lightbox-title=\"0013\" data-e-action-hash=\"#elementor-action%3Aaction%3Dlightbox%26settings%3DeyJpZCI6MzY2LCJ1cmwiOiJodHRwczpcL1wvamVtc2EucGVcL3dwLWNvbnRlbnRcL3VwbG9hZHNcLzIwMjVcLzAxXC8wMDEzLmpwZyIsInNsaWRlc2hvdyI6ImM1ODcxOGUifQ%3D%3D\">\n\t\t\t\t\t<div class=\"e-gallery-image elementor-gallery-item__image\" data-thumbnail=\"https:\/\/jemsa.pe\/wp-content\/uploads\/2025\/01\/0013-768x912.jpg\" data-width=\"768\" data-height=\"912\" aria-label=\"\" role=\"img\" ><\/div>\n\t\t\t\t\t\t\t\t\t\t\t<div class=\"elementor-gallery-item__overlay\"><\/div>\n\t\t\t\t\t\t\t\t\t\t\t\t\t\t<\/a>\n\t\t\t\t\t\t\t<a class=\"e-gallery-item elementor-gallery-item elementor-animated-content\" href=\"https:\/\/jemsa.pe\/wp-content\/uploads\/2025\/01\/0014.jpg\" data-elementor-open-lightbox=\"yes\" data-elementor-lightbox-slideshow=\"c58718e\" data-elementor-lightbox-title=\"0014\" data-e-action-hash=\"#elementor-action%3Aaction%3Dlightbox%26settings%3DeyJpZCI6MzY3LCJ1cmwiOiJodHRwczpcL1wvamVtc2EucGVcL3dwLWNvbnRlbnRcL3VwbG9hZHNcLzIwMjVcLzAxXC8wMDE0LmpwZyIsInNsaWRlc2hvdyI6ImM1ODcxOGUifQ%3D%3D\">\n\t\t\t\t\t<div class=\"e-gallery-image elementor-gallery-item__image\" data-thumbnail=\"https:\/\/jemsa.pe\/wp-content\/uploads\/2025\/01\/0014-768x912.jpg\" data-width=\"768\" data-height=\"912\" aria-label=\"\" role=\"img\" ><\/div>\n\t\t\t\t\t\t\t\t\t\t\t<div class=\"elementor-gallery-item__overlay\"><\/div>\n\t\t\t\t\t\t\t\t\t\t\t\t\t\t<\/a>\n\t\t\t\t\t\t\t<a class=\"e-gallery-item elementor-gallery-item elementor-animated-content\" href=\"https:\/\/jemsa.pe\/wp-content\/uploads\/2025\/01\/0015.jpg\" data-elementor-open-lightbox=\"yes\" data-elementor-lightbox-slideshow=\"c58718e\" data-elementor-lightbox-title=\"0015\" data-e-action-hash=\"#elementor-action%3Aaction%3Dlightbox%26settings%3DeyJpZCI6MzY4LCJ1cmwiOiJodHRwczpcL1wvamVtc2EucGVcL3dwLWNvbnRlbnRcL3VwbG9hZHNcLzIwMjVcLzAxXC8wMDE1LmpwZyIsInNsaWRlc2hvdyI6ImM1ODcxOGUifQ%3D%3D\">\n\t\t\t\t\t<div class=\"e-gallery-image elementor-gallery-item__image\" data-thumbnail=\"https:\/\/jemsa.pe\/wp-content\/uploads\/2025\/01\/0015-768x912.jpg\" data-width=\"768\" data-height=\"912\" aria-label=\"\" role=\"img\" ><\/div>\n\t\t\t\t\t\t\t\t\t\t\t<div class=\"elementor-gallery-item__overlay\"><\/div>\n\t\t\t\t\t\t\t\t\t\t\t\t\t\t<\/a>\n\t\t\t\t\t\t\t<a class=\"e-gallery-item elementor-gallery-item elementor-animated-content\" href=\"https:\/\/jemsa.pe\/wp-content\/uploads\/2025\/01\/0016.jpg\" data-elementor-open-lightbox=\"yes\" data-elementor-lightbox-slideshow=\"c58718e\" data-elementor-lightbox-title=\"0016\" data-e-action-hash=\"#elementor-action%3Aaction%3Dlightbox%26settings%3DeyJpZCI6MzY5LCJ1cmwiOiJodHRwczpcL1wvamVtc2EucGVcL3dwLWNvbnRlbnRcL3VwbG9hZHNcLzIwMjVcLzAxXC8wMDE2LmpwZyIsInNsaWRlc2hvdyI6ImM1ODcxOGUifQ%3D%3D\">\n\t\t\t\t\t<div class=\"e-gallery-image elementor-gallery-item__image\" data-thumbnail=\"https:\/\/jemsa.pe\/wp-content\/uploads\/2025\/01\/0016-768x912.jpg\" data-width=\"768\" data-height=\"912\" aria-label=\"\" role=\"img\" ><\/div>\n\t\t\t\t\t\t\t\t\t\t\t<div class=\"elementor-gallery-item__overlay\"><\/div>\n\t\t\t\t\t\t\t\t\t\t\t\t\t\t<\/a>\n\t\t\t\t\t\t\t<a class=\"e-gallery-item elementor-gallery-item elementor-animated-content\" href=\"https:\/\/jemsa.pe\/wp-content\/uploads\/2025\/01\/0017.jpg\" data-elementor-open-lightbox=\"yes\" data-elementor-lightbox-slideshow=\"c58718e\" data-elementor-lightbox-title=\"0017\" data-e-action-hash=\"#elementor-action%3Aaction%3Dlightbox%26settings%3DeyJpZCI6MzcwLCJ1cmwiOiJodHRwczpcL1wvamVtc2EucGVcL3dwLWNvbnRlbnRcL3VwbG9hZHNcLzIwMjVcLzAxXC8wMDE3LmpwZyIsInNsaWRlc2hvdyI6ImM1ODcxOGUifQ%3D%3D\">\n\t\t\t\t\t<div class=\"e-gallery-image elementor-gallery-item__image\" data-thumbnail=\"https:\/\/jemsa.pe\/wp-content\/uploads\/2025\/01\/0017-768x912.jpg\" data-width=\"768\" data-height=\"912\" aria-label=\"\" role=\"img\" ><\/div>\n\t\t\t\t\t\t\t\t\t\t\t<div class=\"elementor-gallery-item__overlay\"><\/div>\n\t\t\t\t\t\t\t\t\t\t\t\t\t\t<\/a>\n\t\t\t\t\t<\/div>\n\t\t\t\t\t<\/div>\n\t\t\t\t<\/div>\n\t\t\t\t<\/div>\n\t\t\t\t<\/div>\n\t\t","protected":false},"excerpt":{"rendered":"<p>Proyectos Realizados Todos nuestros procesos pasan por un estricto control de calidad, lo que nos posiciona como una empresa de garant\u00eda y calidad certificada. Nuestros productos cumplen cabalmente las especificaciones y par\u00e1metros de la Norma T\u00e9cnica Peruana. Arquitectura Comercial<\/p>\n","protected":false},"author":1,"featured_media":0,"parent":0,"menu_order":0,"comment_status":"closed","ping_status":"closed","template":"","meta":{"footnotes":""},"class_list":["post-235","page","type-page","status-publish","hentry"],"_links":{"self":[{"href":"https:\/\/jemsa.pe\/index.php\/wp-json\/wp\/v2\/pages\/235","targetHints":{"allow":["GET"]}}],"collection":[{"href":"https:\/\/jemsa.pe\/index.php\/wp-json\/wp\/v2\/pages"}],"about":[{"href":"https:\/\/jemsa.pe\/index.php\/wp-json\/wp\/v2\/types\/page"}],"author":[{"embeddable":true,"href":"https:\/\/jemsa.pe\/index.php\/wp-json\/wp\/v2\/users\/1"}],"replies":[{"embeddable":true,"href":"https:\/\/jemsa.pe\/index.php\/wp-json\/wp\/v2\/comments?post=235"}],"version-history":[{"count":7,"href":"https:\/\/jemsa.pe\/index.php\/wp-json\/wp\/v2\/pages\/235\/revisions"}],"predecessor-version":[{"id":373,"href":"https:\/\/jemsa.pe\/index.php\/wp-json\/wp\/v2\/pages\/235\/revisions\/373"}],"wp:attachment":[{"href":"https:\/\/jemsa.pe\/index.php\/wp-json\/wp\/v2\/media?parent=235"}],"curies":[{"name":"wp","href":"https:\/\/api.w.org\/{rel}","templated":true}]}}